{"id":2648,"date":"2022-01-09T19:59:21","date_gmt":"2022-01-09T16:59:21","guid":{"rendered":"https:\/\/www.erbend.com\/?page_id=2648"},"modified":"2022-01-09T20:00:57","modified_gmt":"2022-01-09T17:00:57","slug":"erfold-basic","status":"publish","type":"page","link":"https:\/\/www.erbend.com\/tr\/cnc-yazilimlar\/erfold-basic\/","title":{"rendered":"Erfold Basic"},"content":{"rendered":"\t\t<div data-elementor-type=\"wp-page\" data-elementor-id=\"2648\" class=\"elementor elementor-2648 elementor-2615\" data-elementor-post-type=\"page\">\n\t\t\t\t\t\t<section class=\"elementor-section elementor-top-section elementor-element elementor-element-f7e79cc elementor-section-boxed elementor-section-height-default elementor-section-height-default\" data-id=\"f7e79cc\" data-element_type=\"section\">\n\t\t\t\t\t\t<div class=\"elementor-container elementor-column-gap-default\">\n\t\t\t\t\t<div class=\"elementor-column elementor-col-100 elementor-top-column elementor-element elementor-element-3bdd01d\" data-id=\"3bdd01d\" data-element_type=\"column\">\n\t\t\t<div class=\"elementor-widget-wrap elementor-element-populated\">\n\t\t\t\t\t\t<div class=\"elementor-element elementor-element-0eb02bc elementor-widget elementor-widget-image\" data-id=\"0eb02bc\" data-element_type=\"widget\" data-widget_type=\"image.default\">\n\t\t\t\t<div class=\"elementor-widget-container\">\n\t\t\t\t\t\t\t\t\t\t\t\t\t\t\t<img fetchpriority=\"high\" decoding=\"async\" width=\"750\" height=\"620\" src=\"https:\/\/www.erbend.com\/wp-content\/uploads\/erfold-basic-cnc.png\" class=\"attachment-large size-large wp-image-1200\" alt=\"\" srcset=\"https:\/\/www.erbend.com\/wp-content\/uploads\/erfold-basic-cnc.png 750w, https:\/\/www.erbend.com\/wp-content\/uploads\/erfold-basic-cnc-300x248.png 300w, https:\/\/www.erbend.com\/wp-content\/uploads\/erfold-basic-cnc-150x124.png 150w, https:\/\/www.erbend.com\/wp-content\/uploads\/erfold-basic-cnc-375x310.png 375w\" sizes=\"(max-width: 750px) 100vw, 750px\" \/>\t\t\t\t\t\t\t\t\t\t\t\t\t\t\t<\/div>\n\t\t\t\t<\/div>\n\t\t\t\t\t<\/div>\n\t\t<\/div>\n\t\t\t\t\t<\/div>\n\t\t<\/section>\n\t\t\t\t<section class=\"elementor-section elementor-top-section elementor-element elementor-element-61f9d49 elementor-section-content-middle elementor-section-boxed elementor-section-height-default elementor-section-height-default\" data-id=\"61f9d49\" data-element_type=\"section\" data-settings=\"{&quot;background_background&quot;:&quot;classic&quot;}\">\n\t\t\t\t\t\t<div class=\"elementor-container elementor-column-gap-wide\">\n\t\t\t\t\t<div class=\"elementor-column elementor-col-50 elementor-top-column elementor-element elementor-element-5c92de0\" data-id=\"5c92de0\" data-element_type=\"column\">\n\t\t\t<div class=\"elementor-widget-wrap elementor-element-populated\">\n\t\t\t\t\t\t<div class=\"elementor-element elementor-element-b95a3db elementor-widget elementor-widget-image\" data-id=\"b95a3db\" data-element_type=\"widget\" data-widget_type=\"image.default\">\n\t\t\t\t<div class=\"elementor-widget-container\">\n\t\t\t\t\t\t\t\t\t\t\t\t\t\t\t\t<a href=\"https:\/\/www.erbend.com\/wp-content\/uploads\/01-Home-1.jpg\" data-elementor-open-lightbox=\"yes\" data-elementor-lightbox-title=\"01-Home-1\" data-e-action-hash=\"#elementor-action%3Aaction%3Dlightbox%26settings%3DeyJpZCI6MTIwNiwidXJsIjoiaHR0cHM6XC9cL3d3dy5lcmJlbmQuY29tXC93cC1jb250ZW50XC91cGxvYWRzXC8wMS1Ib21lLTEuanBnIn0%3D\">\n\t\t\t\t\t\t\t<img decoding=\"async\" width=\"900\" height=\"506\" src=\"https:\/\/www.erbend.com\/wp-content\/uploads\/01-Home-1.jpg\" class=\"attachment-full size-full wp-image-1206\" alt=\"\" srcset=\"https:\/\/www.erbend.com\/wp-content\/uploads\/01-Home-1.jpg 900w, https:\/\/www.erbend.com\/wp-content\/uploads\/01-Home-1-300x169.jpg 300w, https:\/\/www.erbend.com\/wp-content\/uploads\/01-Home-1-150x84.jpg 150w, https:\/\/www.erbend.com\/wp-content\/uploads\/01-Home-1-768x432.jpg 768w, https:\/\/www.erbend.com\/wp-content\/uploads\/01-Home-1-450x253.jpg 450w\" sizes=\"(max-width: 900px) 100vw, 900px\" \/>\t\t\t\t\t\t\t\t<\/a>\n\t\t\t\t\t\t\t\t\t\t\t\t\t\t\t<\/div>\n\t\t\t\t<\/div>\n\t\t\t\t\t<\/div>\n\t\t<\/div>\n\t\t\t\t<div class=\"elementor-column elementor-col-50 elementor-top-column elementor-element elementor-element-1eb5f6f\" data-id=\"1eb5f6f\" data-element_type=\"column\">\n\t\t\t<div class=\"elementor-widget-wrap elementor-element-populated\">\n\t\t\t\t\t\t<div class=\"elementor-element elementor-element-499d14d elementor-widget elementor-widget-text-editor\" data-id=\"499d14d\" data-element_type=\"widget\" data-widget_type=\"text-editor.default\">\n\t\t\t\t<div class=\"elementor-widget-container\">\n\t\t\t\t\t\t\t\t\t<div class=\"wpb_text_column wpb_content_element vc_custom_1585688883454\"><div class=\"wpb_wrapper\"><div class=\"wpb_text_column wpb_content_element  vc_custom_1585688883454\"><div class=\"wpb_wrapper\"><h1>1<\/h1><\/div><\/div><div class=\"wpb_text_column wpb_content_element  vc_custom_1585688826770\"><div class=\"wpb_wrapper\"><h4>ANA SAYFA<\/h4><p>Giri\u015f sayfas\u0131nda, dil se\u00e7imi, kullan\u0131c\u0131 \u015fifre ile giri\u015fi, yeniden ba\u015flatma,kapatma ve uzaktan servis ba\u011flant\u0131s\u0131 kurma \u00f6zelliklerini kullanabilirsiniz.<\/p><\/div><\/div><\/div><\/div>\t\t\t\t\t\t\t\t<\/div>\n\t\t\t\t<\/div>\n\t\t\t\t\t<\/div>\n\t\t<\/div>\n\t\t\t\t\t<\/div>\n\t\t<\/section>\n\t\t\t\t<section class=\"elementor-section elementor-top-section elementor-element elementor-element-a6d6b92 elementor-section-content-middle elementor-section-boxed elementor-section-height-default elementor-section-height-default\" data-id=\"a6d6b92\" data-element_type=\"section\" data-settings=\"{&quot;background_background&quot;:&quot;classic&quot;}\">\n\t\t\t\t\t\t<div class=\"elementor-container elementor-column-gap-wide\">\n\t\t\t\t\t<div class=\"elementor-column elementor-col-50 elementor-top-column elementor-element elementor-element-c5903bb\" data-id=\"c5903bb\" data-element_type=\"column\">\n\t\t\t<div class=\"elementor-widget-wrap elementor-element-populated\">\n\t\t\t\t\t\t<div class=\"elementor-element elementor-element-3ea946b elementor-widget elementor-widget-image\" data-id=\"3ea946b\" data-element_type=\"widget\" data-widget_type=\"image.default\">\n\t\t\t\t<div class=\"elementor-widget-container\">\n\t\t\t\t\t\t\t\t\t\t\t\t\t\t\t\t<a href=\"https:\/\/www.erbend.com\/wp-content\/uploads\/02-Reference-4.jpg\" data-elementor-open-lightbox=\"yes\" data-elementor-lightbox-title=\"02-Reference-4\" data-e-action-hash=\"#elementor-action%3Aaction%3Dlightbox%26settings%3DeyJpZCI6MTIxOCwidXJsIjoiaHR0cHM6XC9cL3d3dy5lcmJlbmQuY29tXC93cC1jb250ZW50XC91cGxvYWRzXC8wMi1SZWZlcmVuY2UtNC5qcGcifQ%3D%3D\">\n\t\t\t\t\t\t\t<img decoding=\"async\" width=\"900\" height=\"506\" src=\"https:\/\/www.erbend.com\/wp-content\/uploads\/02-Reference-4.jpg\" class=\"attachment-full size-full wp-image-1218\" alt=\"\" srcset=\"https:\/\/www.erbend.com\/wp-content\/uploads\/02-Reference-4.jpg 900w, https:\/\/www.erbend.com\/wp-content\/uploads\/02-Reference-4-300x169.jpg 300w, https:\/\/www.erbend.com\/wp-content\/uploads\/02-Reference-4-150x84.jpg 150w, https:\/\/www.erbend.com\/wp-content\/uploads\/02-Reference-4-768x432.jpg 768w, https:\/\/www.erbend.com\/wp-content\/uploads\/02-Reference-4-450x253.jpg 450w\" sizes=\"(max-width: 900px) 100vw, 900px\" \/>\t\t\t\t\t\t\t\t<\/a>\n\t\t\t\t\t\t\t\t\t\t\t\t\t\t\t<\/div>\n\t\t\t\t<\/div>\n\t\t\t\t\t<\/div>\n\t\t<\/div>\n\t\t\t\t<div class=\"elementor-column elementor-col-50 elementor-top-column elementor-element elementor-element-edbf262\" data-id=\"edbf262\" data-element_type=\"column\">\n\t\t\t<div class=\"elementor-widget-wrap elementor-element-populated\">\n\t\t\t\t\t\t<div class=\"elementor-element elementor-element-7457f74 elementor-widget elementor-widget-text-editor\" data-id=\"7457f74\" data-element_type=\"widget\" data-widget_type=\"text-editor.default\">\n\t\t\t\t<div class=\"elementor-widget-container\">\n\t\t\t\t\t\t\t\t\t<div class=\"wpb_text_column wpb_content_element vc_custom_1585688883454\"><div class=\"wpb_wrapper\"><div class=\"wpb_text_column wpb_content_element vc_custom_1585688958812\"><div class=\"wpb_wrapper\"><div class=\"wpb_text_column wpb_content_element  vc_custom_1585688958812\"><div class=\"wpb_wrapper\"><h1>2<\/h1><\/div><\/div><div class=\"wpb_text_column wpb_content_element  vc_custom_1585688983644\"><div class=\"wpb_wrapper\"><h4><b>EKSEN REFERANSLAMA<\/b><\/h4><p>Bu sayfadan t\u00fcm eksenlerinizi tek tu\u015fla otomatik olarak ya da tek tek se\u00e7erek referanslayabilirsiniz.<\/p><\/div><\/div><\/div><\/div><\/div><\/div>\t\t\t\t\t\t\t\t<\/div>\n\t\t\t\t<\/div>\n\t\t\t\t\t<\/div>\n\t\t<\/div>\n\t\t\t\t\t<\/div>\n\t\t<\/section>\n\t\t\t\t<section class=\"elementor-section elementor-top-section elementor-element elementor-element-810b6aa elementor-section-content-middle elementor-section-boxed elementor-section-height-default elementor-section-height-default\" data-id=\"810b6aa\" data-element_type=\"section\" data-settings=\"{&quot;background_background&quot;:&quot;classic&quot;}\">\n\t\t\t\t\t\t<div class=\"elementor-container elementor-column-gap-wide\">\n\t\t\t\t\t<div class=\"elementor-column elementor-col-50 elementor-top-column elementor-element elementor-element-a157524\" data-id=\"a157524\" data-element_type=\"column\">\n\t\t\t<div class=\"elementor-widget-wrap elementor-element-populated\">\n\t\t\t\t\t\t<div class=\"elementor-element elementor-element-95e7f3b elementor-skin-slideshow elementor-arrows-yes elementor-widget elementor-widget-media-carousel\" data-id=\"95e7f3b\" data-element_type=\"widget\" data-settings=\"{&quot;skin&quot;:&quot;slideshow&quot;,&quot;effect&quot;:&quot;slide&quot;,&quot;show_arrows&quot;:&quot;yes&quot;,&quot;speed&quot;:500,&quot;space_between&quot;:{&quot;unit&quot;:&quot;px&quot;,&quot;size&quot;:10,&quot;sizes&quot;:[]},&quot;space_between_tablet&quot;:{&quot;unit&quot;:&quot;px&quot;,&quot;size&quot;:10,&quot;sizes&quot;:[]},&quot;space_between_mobile&quot;:{&quot;unit&quot;:&quot;px&quot;,&quot;size&quot;:10,&quot;sizes&quot;:[]}}\" data-widget_type=\"media-carousel.default\">\n\t\t\t\t<div class=\"elementor-widget-container\">\n\t\t\t\t\t\t\t\t\t<div class=\"elementor-swiper\">\n\t\t\t\t\t<div class=\"elementor-main-swiper swiper\" role=\"region\" aria-roledescription=\"carousel\" aria-label=\"Slides\">\n\t\t\t\t<div class=\"swiper-wrapper\">\n\t\t\t\t\t\t\t\t\t\t\t<div class=\"swiper-slide\" role=\"group\" aria-roledescription=\"slide\">\n\t\t\t\t\t\t\t\t\t<div class=\"elementor-carousel-image\" role=\"img\" aria-label=\"03-Production-1\" style=\"background-image: url(&#039;https:\/\/www.erbend.com\/wp-content\/uploads\/03-Production-1.jpg&#039;)\">\n\n\t\t\t\n\t\t\t\t\t<\/div>\n\t\t\t\t\t\t\t\t<\/div>\n\t\t\t\t\t\t\t\t\t\t\t<div class=\"swiper-slide\" role=\"group\" aria-roledescription=\"slide\">\n\t\t\t\t\t\t\t\t\t<div class=\"elementor-carousel-image\" role=\"img\" aria-label=\"03-Production-2\" style=\"background-image: url(&#039;https:\/\/www.erbend.com\/wp-content\/uploads\/03-Production-2.jpg&#039;)\">\n\n\t\t\t\n\t\t\t\t\t<\/div>\n\t\t\t\t\t\t\t\t<\/div>\n\t\t\t\t\t\t\t\t\t\t\t<div class=\"swiper-slide\" role=\"group\" aria-roledescription=\"slide\">\n\t\t\t\t\t\t\t\t\t<div class=\"elementor-carousel-image\" role=\"img\" aria-label=\"03-Production-3\" style=\"background-image: url(&#039;https:\/\/www.erbend.com\/wp-content\/uploads\/03-Production-3.jpg&#039;)\">\n\n\t\t\t\n\t\t\t\t\t<\/div>\n\t\t\t\t\t\t\t\t<\/div>\n\t\t\t\t\t\t\t\t\t\t\t<div class=\"swiper-slide\" role=\"group\" aria-roledescription=\"slide\">\n\t\t\t\t\t\t\t\t\t<div class=\"elementor-carousel-image\" role=\"img\" aria-label=\"03-Production-6\" style=\"background-image: url(&#039;https:\/\/www.erbend.com\/wp-content\/uploads\/03-Production-6.jpg&#039;)\">\n\n\t\t\t\n\t\t\t\t\t<\/div>\n\t\t\t\t\t\t\t\t<\/div>\n\t\t\t\t\t\t\t\t\t<\/div>\n\t\t\t\t\t\t\t\t\t\t\t\t\t\t\t<div class=\"elementor-swiper-button elementor-swiper-button-prev\" role=\"button\" tabindex=\"0\" aria-label=\"Previous\">\n\t\t\t\t\t\t\t<i aria-hidden=\"true\" class=\"eicon-chevron-left\"><\/i>\t\t\t\t\t\t<\/div>\n\t\t\t\t\t\t<div class=\"elementor-swiper-button elementor-swiper-button-next\" role=\"button\" tabindex=\"0\" aria-label=\"Next\">\n\t\t\t\t\t\t\t<i aria-hidden=\"true\" class=\"eicon-chevron-right\"><\/i>\t\t\t\t\t\t<\/div>\n\t\t\t\t\t\t\t\t\t\t\t\t\t\t\t\t\t<\/div>\n\t\t\t\t<\/div>\n\t\t\t\t\t\t\t\t<div class=\"elementor-swiper\">\n\t\t\t\t\t<div class=\"elementor-main-swiper swiper elementor-thumbnails-swiper swiper\" role=\"region region\" aria-roledescription=\"carousel carousel\" aria-label=\"Slides Slides\">\n\t\t\t\t<div class=\"swiper-wrapper\">\n\t\t\t\t\t\t\t\t\t\t\t<div class=\"swiper-slide\" role=\"group\" aria-roledescription=\"slide\">\n\t\t\t\t\t\t\t\t\t<div class=\"elementor-carousel-image\" role=\"img\" aria-label=\"03-Production-1\" style=\"background-image: url(&#039;https:\/\/www.erbend.com\/wp-content\/uploads\/03-Production-1.jpg&#039;)\">\n\n\t\t\t\n\t\t\t\t\t<\/div>\n\t\t\t\t\t\t\t\t<\/div>\n\t\t\t\t\t\t\t\t\t\t\t<div class=\"swiper-slide\" role=\"group\" aria-roledescription=\"slide\">\n\t\t\t\t\t\t\t\t\t<div class=\"elementor-carousel-image\" role=\"img\" aria-label=\"03-Production-2\" style=\"background-image: url(&#039;https:\/\/www.erbend.com\/wp-content\/uploads\/03-Production-2.jpg&#039;)\">\n\n\t\t\t\n\t\t\t\t\t<\/div>\n\t\t\t\t\t\t\t\t<\/div>\n\t\t\t\t\t\t\t\t\t\t\t<div class=\"swiper-slide\" role=\"group\" aria-roledescription=\"slide\">\n\t\t\t\t\t\t\t\t\t<div class=\"elementor-carousel-image\" role=\"img\" aria-label=\"03-Production-3\" style=\"background-image: url(&#039;https:\/\/www.erbend.com\/wp-content\/uploads\/03-Production-3.jpg&#039;)\">\n\n\t\t\t\n\t\t\t\t\t<\/div>\n\t\t\t\t\t\t\t\t<\/div>\n\t\t\t\t\t\t\t\t\t\t\t<div class=\"swiper-slide\" role=\"group\" aria-roledescription=\"slide\">\n\t\t\t\t\t\t\t\t\t<div class=\"elementor-carousel-image\" role=\"img\" aria-label=\"03-Production-6\" style=\"background-image: url(&#039;https:\/\/www.erbend.com\/wp-content\/uploads\/03-Production-6.jpg&#039;)\">\n\n\t\t\t\n\t\t\t\t\t<\/div>\n\t\t\t\t\t\t\t\t<\/div>\n\t\t\t\t\t\t\t\t\t<\/div>\n\t\t\t\t\t\t\t\t\t\t\t\t\t\t\t\t\t\t\t\t\t<\/div>\n\t\t\t\t<\/div>\n\t\t\t\t\t\t\t\t<\/div>\n\t\t\t\t<\/div>\n\t\t\t\t\t<\/div>\n\t\t<\/div>\n\t\t\t\t<div class=\"elementor-column elementor-col-50 elementor-top-column elementor-element elementor-element-aebaee1\" data-id=\"aebaee1\" data-element_type=\"column\">\n\t\t\t<div class=\"elementor-widget-wrap elementor-element-populated\">\n\t\t\t\t\t\t<div class=\"elementor-element elementor-element-39cb652 elementor-widget elementor-widget-text-editor\" data-id=\"39cb652\" data-element_type=\"widget\" data-widget_type=\"text-editor.default\">\n\t\t\t\t<div class=\"elementor-widget-container\">\n\t\t\t\t\t\t\t\t\t<div class=\"wpb_text_column wpb_content_element vc_custom_1585688883454\"><div class=\"wpb_wrapper\"><div class=\"wpb_text_column wpb_content_element vc_custom_1585688958812\"><div class=\"wpb_wrapper\"><div class=\"wpb_text_column wpb_content_element vc_custom_1585689006105\"><div class=\"wpb_wrapper\"><div class=\"wpb_text_column wpb_content_element  vc_custom_1585689006105\"><div class=\"wpb_wrapper\"><h1>3<\/h1><\/div><\/div><div class=\"wpb_text_column wpb_content_element  vc_custom_1585690093567\"><div class=\"wpb_wrapper\"><h4><b>\u00dcRET\u0130M<\/b><\/h4><p>Re\u00e7ete ad\u0131, malzeme cinsi, kal\u0131nl\u0131\u011f\u0131 ve geni\u015fli\u011fini belirleyip yeni re\u00e7ete ad\u0131 olu\u015fturabilir, s\u0131n\u0131rs\u0131z say\u0131da kaydedebilir, \u00f6nceden olu\u015fturdu\u011funuz re\u00e7eteleri \u00e7a\u011f\u0131rabilir, d\u00fczenleyebilir ya da silebilirsiniz.<\/p><p>Olu\u015fturdu\u011funuz re\u00e7etede, s\u0131n\u0131rs\u0131z say\u0131da ad\u0131m giri\u015fi yap\u0131p, bu her bir ad\u0131m\u0131n, kal\u0131p istasyonunu, b\u00fck\u00fcmdeki arka dayama pozisyonu, b\u00fck\u00fcm a\u00e7\u0131s\u0131, \u00fcst \u00e7ene inme ve kalkma de\u011ferlerini, b\u00fck\u00fcm tipine g\u00f6re rad\u00fcs veya ezme de\u011ferlerini girerek ad\u0131m program\u0131n\u0131z\u0131 yapabilirsiniz.<\/p><\/div><\/div><\/div><\/div><div class=\"wpb_text_column wpb_content_element vc_custom_1585691372504\"><div class=\"wpb_wrapper\"><p class=\"m_-6930870824394508793MsoListParagraph\"><u><\/u>To programme the receipt you created, you can define unlimited number of steps and each step\u2019s bend type ( angle,radius or hemming) tool station,backgauge position,folding angle,upper beam up\/down positions, radius bending values and hemming values (open or closed)<\/p><\/div><\/div><\/div><\/div><\/div><\/div>\t\t\t\t\t\t\t\t<\/div>\n\t\t\t\t<\/div>\n\t\t\t\t\t<\/div>\n\t\t<\/div>\n\t\t\t\t\t<\/div>\n\t\t<\/section>\n\t\t\t\t<section class=\"elementor-section elementor-top-section elementor-element elementor-element-3ed2aa0 elementor-section-content-middle elementor-section-boxed elementor-section-height-default elementor-section-height-default\" data-id=\"3ed2aa0\" data-element_type=\"section\" data-settings=\"{&quot;background_background&quot;:&quot;classic&quot;}\">\n\t\t\t\t\t\t<div class=\"elementor-container elementor-column-gap-wide\">\n\t\t\t\t\t<div class=\"elementor-column elementor-col-50 elementor-top-column elementor-element elementor-element-81de842\" data-id=\"81de842\" data-element_type=\"column\">\n\t\t\t<div class=\"elementor-widget-wrap elementor-element-populated\">\n\t\t\t\t\t\t<div class=\"elementor-element elementor-element-32d4251 elementor-widget elementor-widget-image\" data-id=\"32d4251\" data-element_type=\"widget\" data-widget_type=\"image.default\">\n\t\t\t\t<div class=\"elementor-widget-container\">\n\t\t\t\t\t\t\t\t\t\t\t\t\t\t\t\t<a href=\"https:\/\/www.erbend.com\/wp-content\/uploads\/04-Manual-Controls.jpg\" data-elementor-open-lightbox=\"yes\" data-elementor-lightbox-title=\"04-Manual-Controls\" data-e-action-hash=\"#elementor-action%3Aaction%3Dlightbox%26settings%3DeyJpZCI6MTIzOSwidXJsIjoiaHR0cHM6XC9cL3d3dy5lcmJlbmQuY29tXC93cC1jb250ZW50XC91cGxvYWRzXC8wNC1NYW51YWwtQ29udHJvbHMuanBnIn0%3D\">\n\t\t\t\t\t\t\t<img loading=\"lazy\" decoding=\"async\" width=\"900\" height=\"506\" src=\"https:\/\/www.erbend.com\/wp-content\/uploads\/04-Manual-Controls.jpg\" class=\"attachment-full size-full wp-image-1239\" alt=\"\" srcset=\"https:\/\/www.erbend.com\/wp-content\/uploads\/04-Manual-Controls.jpg 900w, https:\/\/www.erbend.com\/wp-content\/uploads\/04-Manual-Controls-300x169.jpg 300w, https:\/\/www.erbend.com\/wp-content\/uploads\/04-Manual-Controls-150x84.jpg 150w, https:\/\/www.erbend.com\/wp-content\/uploads\/04-Manual-Controls-768x432.jpg 768w, https:\/\/www.erbend.com\/wp-content\/uploads\/04-Manual-Controls-450x253.jpg 450w\" sizes=\"(max-width: 900px) 100vw, 900px\" \/>\t\t\t\t\t\t\t\t<\/a>\n\t\t\t\t\t\t\t\t\t\t\t\t\t\t\t<\/div>\n\t\t\t\t<\/div>\n\t\t\t\t\t<\/div>\n\t\t<\/div>\n\t\t\t\t<div class=\"elementor-column elementor-col-50 elementor-top-column elementor-element elementor-element-b087760\" data-id=\"b087760\" data-element_type=\"column\">\n\t\t\t<div class=\"elementor-widget-wrap elementor-element-populated\">\n\t\t\t\t\t\t<div class=\"elementor-element elementor-element-dbb960b elementor-widget elementor-widget-text-editor\" data-id=\"dbb960b\" data-element_type=\"widget\" data-widget_type=\"text-editor.default\">\n\t\t\t\t<div class=\"elementor-widget-container\">\n\t\t\t\t\t\t\t\t\t<div class=\"wpb_text_column wpb_content_element vc_custom_1585688883454\"><div class=\"wpb_wrapper\"><div class=\"wpb_text_column wpb_content_element vc_custom_1585688958812\"><div class=\"wpb_wrapper\"><div class=\"wpb_text_column wpb_content_element vc_custom_1585689621430\"><div class=\"wpb_wrapper\"><div class=\"wpb_text_column wpb_content_element  vc_custom_1585689621430\"><div class=\"wpb_wrapper\"><h1>4<\/h1><\/div><\/div><div class=\"wpb_text_column wpb_content_element  vc_custom_1585690076090\"><div class=\"wpb_wrapper\"><h4><b>MANUEL KONTROLLER<\/b><\/h4><p>Bu sayfadan, eksenlerinizi manuel olarak hareket ettirerek kalibrasyon veya kal\u0131p de\u011fi\u015fimi i\u00e7in kullanabilirsiniz.<\/p><\/div><\/div><\/div><\/div><\/div><\/div><\/div><\/div>\t\t\t\t\t\t\t\t<\/div>\n\t\t\t\t<\/div>\n\t\t\t\t\t<\/div>\n\t\t<\/div>\n\t\t\t\t\t<\/div>\n\t\t<\/section>\n\t\t\t\t<section class=\"elementor-section elementor-top-section elementor-element elementor-element-fe3d290 elementor-section-content-middle elementor-section-boxed elementor-section-height-default elementor-section-height-default\" data-id=\"fe3d290\" data-element_type=\"section\" data-settings=\"{&quot;background_background&quot;:&quot;classic&quot;}\">\n\t\t\t\t\t\t<div class=\"elementor-container elementor-column-gap-wide\">\n\t\t\t\t\t<div class=\"elementor-column elementor-col-50 elementor-top-column elementor-element elementor-element-b2a44b6\" data-id=\"b2a44b6\" data-element_type=\"column\">\n\t\t\t<div class=\"elementor-widget-wrap elementor-element-populated\">\n\t\t\t\t\t\t<div class=\"elementor-element elementor-element-7eb5259 elementor-widget elementor-widget-image\" data-id=\"7eb5259\" data-element_type=\"widget\" data-widget_type=\"image.default\">\n\t\t\t\t<div class=\"elementor-widget-container\">\n\t\t\t\t\t\t\t\t\t\t\t\t\t\t\t\t<a href=\"https:\/\/www.erbend.com\/wp-content\/uploads\/05-Settings-1.jpg\" data-elementor-open-lightbox=\"yes\" data-elementor-lightbox-title=\"05-Settings-1\" data-e-action-hash=\"#elementor-action%3Aaction%3Dlightbox%26settings%3DeyJpZCI6MTI0NiwidXJsIjoiaHR0cHM6XC9cL3d3dy5lcmJlbmQuY29tXC93cC1jb250ZW50XC91cGxvYWRzXC8wNS1TZXR0aW5ncy0xLmpwZyJ9\">\n\t\t\t\t\t\t\t<img loading=\"lazy\" decoding=\"async\" width=\"900\" height=\"506\" src=\"https:\/\/www.erbend.com\/wp-content\/uploads\/05-Settings-1.jpg\" class=\"attachment-full size-full wp-image-1246\" alt=\"\" srcset=\"https:\/\/www.erbend.com\/wp-content\/uploads\/05-Settings-1.jpg 900w, https:\/\/www.erbend.com\/wp-content\/uploads\/05-Settings-1-300x169.jpg 300w, https:\/\/www.erbend.com\/wp-content\/uploads\/05-Settings-1-150x84.jpg 150w, https:\/\/www.erbend.com\/wp-content\/uploads\/05-Settings-1-768x432.jpg 768w, https:\/\/www.erbend.com\/wp-content\/uploads\/05-Settings-1-450x253.jpg 450w\" sizes=\"(max-width: 900px) 100vw, 900px\" \/>\t\t\t\t\t\t\t\t<\/a>\n\t\t\t\t\t\t\t\t\t\t\t\t\t\t\t<\/div>\n\t\t\t\t<\/div>\n\t\t\t\t\t<\/div>\n\t\t<\/div>\n\t\t\t\t<div class=\"elementor-column elementor-col-50 elementor-top-column elementor-element elementor-element-f63c170\" data-id=\"f63c170\" data-element_type=\"column\">\n\t\t\t<div class=\"elementor-widget-wrap elementor-element-populated\">\n\t\t\t\t\t\t<div class=\"elementor-element elementor-element-81e9361 elementor-widget elementor-widget-text-editor\" data-id=\"81e9361\" data-element_type=\"widget\" data-widget_type=\"text-editor.default\">\n\t\t\t\t<div class=\"elementor-widget-container\">\n\t\t\t\t\t\t\t\t\t<div class=\"wpb_text_column wpb_content_element vc_custom_1585688883454\"><div class=\"wpb_wrapper\"><div class=\"wpb_text_column wpb_content_element vc_custom_1585688958812\"><div class=\"wpb_wrapper\"><div class=\"wpb_text_column wpb_content_element vc_custom_1585689621430\"><div class=\"wpb_wrapper\"><div class=\"wpb_text_column wpb_content_element vc_custom_1585690027739\"><div class=\"wpb_wrapper\"><div class=\"wpb_text_column wpb_content_element  vc_custom_1585690027739\"><div class=\"wpb_wrapper\"><h1>5<\/h1><\/div><\/div><div class=\"wpb_text_column wpb_content_element  vc_custom_1585690060957\"><div class=\"wpb_wrapper\"><h4><b>AYARLAR<\/b><\/h4><p>Bu sayfa yetkilendirme i\u00e7erir ve \u015fifreyle ilgili b\u00f6l\u00fcmler a\u00e7\u0131labilir, kulland\u0131\u011f\u0131n\u0131z kal\u0131plar\u0131 belirleyebilir, yeni kal\u0131p tan\u0131mlayabilirsiniz, malzeme tipi,geni\u015fli\u011fi ve kal\u0131nl\u0131\u011f\u0131na g\u00f6re geri esneme veri taban\u0131 olu\u015fturabilirsiniz ve t\u00fcm b\u00fck\u00fcmleriniz i\u00e7in aktif hale getirebilirsiniz, parametre sayfas\u0131ndan da makinenin t\u00fcm eksen ve aksesuarlar\u0131yla ilgili detayl\u0131 de\u011fi\u015fiklikleri yapabilirsiniz.<\/p><\/div><\/div><\/div><\/div><\/div><\/div><\/div><\/div><\/div><\/div>\t\t\t\t\t\t\t\t<\/div>\n\t\t\t\t<\/div>\n\t\t\t\t\t<\/div>\n\t\t<\/div>\n\t\t\t\t\t<\/div>\n\t\t<\/section>\n\t\t\t\t<\/div>\n\t\t","protected":false},"excerpt":{"rendered":"<p>1 ANA SAYFA Giri\u015f sayfas\u0131nda, dil se\u00e7imi, kullan\u0131c\u0131 \u015fifre ile giri\u015fi, yeniden ba\u015flatma,kapatma ve uzaktan servis ba\u011flant\u0131s\u0131 kurma \u00f6zelliklerini kullanabilirsiniz. 2 EKSEN REFERANSLAMA Bu sayfadan t\u00fcm eksenlerinizi tek tu\u015fla otomatik olarak ya da tek tek se\u00e7erek referanslayabilirsiniz. Previous Next 3 \u00dcRET\u0130M Re\u00e7ete ad\u0131, malzeme cinsi, kal\u0131nl\u0131\u011f\u0131 ve geni\u015fli\u011fini belirleyip yeni re\u00e7ete ad\u0131 olu\u015fturabilir, s\u0131n\u0131rs\u0131z say\u0131da [&hellip;]<\/p>\n","protected":false},"author":2,"featured_media":3849,"parent":1190,"menu_order":0,"comment_status":"closed","ping_status":"closed","template":"","meta":{"footnotes":""},"class_list":["post-2648","page","type-page","status-publish","has-post-thumbnail","hentry"],"_links":{"self":[{"href":"https:\/\/www.erbend.com\/tr\/wp-json\/wp\/v2\/pages\/2648","targetHints":{"allow":["GET"]}}],"collection":[{"href":"https:\/\/www.erbend.com\/tr\/wp-json\/wp\/v2\/pages"}],"about":[{"href":"https:\/\/www.erbend.com\/tr\/wp-json\/wp\/v2\/types\/page"}],"author":[{"embeddable":true,"href":"https:\/\/www.erbend.com\/tr\/wp-json\/wp\/v2\/users\/2"}],"replies":[{"embeddable":true,"href":"https:\/\/www.erbend.com\/tr\/wp-json\/wp\/v2\/comments?post=2648"}],"version-history":[{"count":0,"href":"https:\/\/www.erbend.com\/tr\/wp-json\/wp\/v2\/pages\/2648\/revisions"}],"up":[{"embeddable":true,"href":"https:\/\/www.erbend.com\/tr\/wp-json\/wp\/v2\/pages\/1190"}],"wp:featuredmedia":[{"embeddable":true,"href":"https:\/\/www.erbend.com\/tr\/wp-json\/wp\/v2\/media\/3849"}],"wp:attachment":[{"href":"https:\/\/www.erbend.com\/tr\/wp-json\/wp\/v2\/media?parent=2648"}],"curies":[{"name":"wp","href":"https:\/\/api.w.org\/{rel}","templated":true}]}}