{"id":4795,"date":"2022-11-01T12:19:16","date_gmt":"2022-11-01T09:19:16","guid":{"rendered":"https:\/\/www.erbend.com\/gizlilik-politikasi\/"},"modified":"2022-11-01T13:56:03","modified_gmt":"2022-11-01T10:56:03","slug":"gizlilik-politikasi","status":"publish","type":"page","link":"https:\/\/www.erbend.com\/tr\/gizlilik-politikasi\/","title":{"rendered":"Gizlilik Politikas\u0131"},"content":{"rendered":"\t\t<div data-elementor-type=\"wp-page\" data-elementor-id=\"4795\" class=\"elementor elementor-4795 elementor-3654\" data-elementor-post-type=\"page\">\n\t\t\t\t\t\t<section class=\"elementor-section elementor-top-section elementor-element elementor-element-5dc4441f elementor-section-boxed elementor-section-height-default elementor-section-height-default\" data-id=\"5dc4441f\" data-element_type=\"section\">\n\t\t\t\t\t\t<div class=\"elementor-container elementor-column-gap-default\">\n\t\t\t\t\t<div class=\"elementor-column elementor-col-100 elementor-top-column elementor-element elementor-element-7a0c7eda\" data-id=\"7a0c7eda\" data-element_type=\"column\">\n\t\t\t<div class=\"elementor-widget-wrap elementor-element-populated\">\n\t\t\t\t\t\t<div class=\"elementor-element elementor-element-13471db6 elementor-widget elementor-widget-text-editor\" data-id=\"13471db6\" data-element_type=\"widget\" data-widget_type=\"text-editor.default\">\n\t\t\t\t<div class=\"elementor-widget-container\">\n\t\t\t\t\t\t\t\t\t<p>Son g\u00fcncelleme 01-Kas\u0131m-2022<br \/>Y\u00fcr\u00fcrl\u00fck Tarihi 01-Kas\u0131m-2022<\/p><p>Bu Gizlilik Politikas\u0131, Erbend Makina, Kayapa OSB, Mavi Cd, No:39, Nil\u00fcfer, Bursa 16280, T\u00fcrkiye, e-posta: info@erbend.com, telefon: 02244417350, taraf\u0131m\u0131za iletti\u011fimiz bilgilerinizin toplanmas\u0131, kullan\u0131lmas\u0131 ve if\u015fa edilmesine ili\u015fkin politikalar\u0131n\u0131 a\u00e7\u0131klamaktad\u0131r. web sitemizi kulland\u0131\u011f\u0131n\u0131zda toplay\u0131n ( https:\/\/www.erbend.com\/ ). (hizmet&#8221;). Hizmete eri\u015ferek veya Hizmet&#8217;i kullanarak, bilgilerinizin bu Gizlilik Politikas\u0131na uygun olarak toplanmas\u0131na, kullan\u0131lmas\u0131na ve if\u015fa edilmesine izin vermi\u015f olursunuz. Ayn\u0131 \u015feyi kabul etmiyorsan\u0131z, l\u00fctfen Hizmete eri\u015fmeyin veya Hizmet&#8217;i kullanmay\u0131n.<\/p><p>Bu Gizlilik Politikas\u0131n\u0131 herhangi bir zamanda size \u00f6nceden haber vermeksizin de\u011fi\u015ftirebiliriz ve revize edilmi\u015f Gizlilik Politikas\u0131n\u0131 Hizmette yay\u0131nlayaca\u011f\u0131z. G\u00f6zden ge\u00e7irilmi\u015f Politika, revize edilmi\u015f Politikan\u0131n Hizmette yay\u0131nland\u0131\u011f\u0131 tarihten itibaren 180 g\u00fcn i\u00e7inde y\u00fcr\u00fcrl\u00fc\u011fe girecek ve bu s\u00fcreden sonra Hizmeti kullanmaya devam etmeniz, revize edilmi\u015f Gizlilik Politikas\u0131n\u0131 kabul etti\u011finiz anlam\u0131na gelecektir. Bu nedenle, bu sayfay\u0131 periyodik olarak g\u00f6zden ge\u00e7irmenizi \u00f6neririz.<\/p><p><strong>Toplad\u0131\u011f\u0131m\u0131z Bilgiler:<\/strong><br \/>Sizinle ilgili a\u015fa\u011f\u0131daki ki\u015fisel bilgileri toplayacak ve i\u015fleyece\u011fiz:<\/p><p>\u0130sim<br \/>E-Posta<br \/>Mobil<\/p><p><strong>Bilgilerinizi Nas\u0131l Kullan\u0131yoruz:<\/strong><br \/>Hakk\u0131n\u0131zda toplad\u0131\u011f\u0131m\u0131z bilgileri a\u015fa\u011f\u0131daki ama\u00e7larla kullanaca\u011f\u0131z:<\/p><p>Pazarlama\/ Promosyon<br \/>M\u00fc\u015fteri geri bildirimi toplama<br \/>Hedeflenmi\u015f reklamc\u0131l\u0131k<br \/>Bilgilerinizi ba\u015fka herhangi bir ama\u00e7la kullanmak istersek, sizden izin isteyece\u011fiz ve bilgilerinizi yaln\u0131zca onay\u0131n\u0131z\u0131 ald\u0131ktan sonra ve daha sonra, aksini yapmam\u0131z gerekmedik\u00e7e, yaln\u0131zca onay veren ama\u00e7(lar) i\u00e7in kullanaca\u011f\u0131z.<\/p><p><strong>Bilgilerinizi Nas\u0131l Payla\u015f\u0131yoruz:<\/strong><br \/>A\u015fa\u011f\u0131da a\u00e7\u0131klanan s\u0131n\u0131rl\u0131 durumlar d\u0131\u015f\u0131nda, ki\u015fisel bilgilerinizi izninizi almadan herhangi bir \u00fc\u00e7\u00fcnc\u00fc tarafa aktarmayaca\u011f\u0131z:<\/p><p>Reklam hizmeti<br \/>Analitik<\/p><p>Bu t\u00fcr \u00fc\u00e7\u00fcnc\u00fc taraflar\u0131n kendilerine aktard\u0131\u011f\u0131m\u0131z ki\u015fisel bilgileri yaln\u0131zca aktar\u0131ld\u0131\u011f\u0131 ama\u00e7 i\u00e7in kullanmas\u0131n\u0131 ve s\u00f6z konusu amac\u0131n ger\u00e7ekle\u015ftirilmesi i\u00e7in gerekenden daha uzun s\u00fcre saklamamas\u0131n\u0131 \u015fart ko\u015fuyoruz.<br \/>Ki\u015fisel bilgilerinizi a\u015fa\u011f\u0131dakiler i\u00e7in de if\u015fa edebiliriz: (1) ge\u00e7erli yasa, d\u00fczenleme, mahkeme emri veya di\u011fer yasal s\u00fcre\u00e7lere uymak; (2) bu Gizlilik Politikas\u0131 dahil olmak \u00fczere bizimle yapt\u0131\u011f\u0131n\u0131z s\u00f6zle\u015fmeleri uygulamak i\u00e7in; veya (3) Hizmeti kullan\u0131m\u0131n\u0131z\u0131n herhangi bir \u00fc\u00e7\u00fcnc\u00fc taraf hakk\u0131n\u0131 ihlal etti\u011fi iddialar\u0131na yan\u0131t vermek i\u00e7in. Hizmet veya \u015firketimiz ba\u015fka bir \u015firketle birle\u015ftirilir veya sat\u0131n al\u0131n\u0131rsa, bilgileriniz yeni sahibine devredilen varl\u0131klardan biri olacakt\u0131r.<\/p><p><strong>Bilgilerinizin Saklanmas\u0131:<\/strong><br \/>Ki\u015fisel bilgilerinizi, kullan\u0131c\u0131lar hesaplar\u0131n\u0131 sonland\u0131rd\u0131ktan sonra 90 g\u00fcn ila 2 y\u0131l boyunca veya bu Gizlilik Politikas\u0131nda ayr\u0131nt\u0131l\u0131 olarak a\u00e7\u0131kland\u0131\u011f\u0131 gibi toplanma ama\u00e7lar\u0131n\u0131 yerine getirmek i\u00e7in ihtiyac\u0131m\u0131z oldu\u011fu s\u00fcrece bizde tutaca\u011f\u0131z. Y\u00fcr\u00fcrl\u00fckteki yasalara uygun olarak veya yasal haklar\u0131n uygulanmas\u0131, doland\u0131r\u0131c\u0131l\u0131\u011f\u0131n \u00f6nlenmesi vb. di\u011fer me\u015fru nedenlerle kay\u0131t tutma \/ raporlama gibi belirli bilgileri daha uzun s\u00fcre saklamam\u0131z gerekebilir. Hi\u00e7biri sizi tan\u0131mlamayan (do\u011frudan veya dolayl\u0131 olarak) art\u0131k anonim bilgiler ve toplu bilgiler s\u00fcresiz olarak saklanabilir.<\/p><p><strong>Haklar\u0131n\u0131z:<\/strong><br \/>Ge\u00e7erli olan yasaya ba\u011fl\u0131 olarak, ki\u015fisel verilerinize eri\u015fme ve bunlar\u0131 d\u00fczeltme veya silme veya ki\u015fisel verilerinizin bir kopyas\u0131n\u0131 alma, verilerinizin aktif olarak i\u015flenmesini k\u0131s\u0131tlama veya bunlara itiraz etme, ki\u015fisel verilerinizi payla\u015fmam\u0131z\u0131 (ta\u015f\u0131mam\u0131z\u0131) isteme hakk\u0131n\u0131z olabilir. ba\u015fka bir varl\u0131\u011fa bilgi verme, verilerinizi i\u015flememiz i\u00e7in bize verdi\u011finiz her t\u00fcrl\u00fc izni geri \u00e7ekme, yasal bir makama \u015fikayette bulunma hakk\u0131 ve ge\u00e7erli yasalar kapsam\u0131nda ilgili olabilecek di\u011fer haklar. Bu haklar\u0131 kullanmak i\u00e7in bize info@erbend.com adresinden yazabilirsiniz. Talebinize y\u00fcr\u00fcrl\u00fckteki yasalara uygun olarak yan\u0131t verece\u011fiz.<br \/>Gerekli ki\u015fisel bilgileri toplamam\u0131za veya i\u015flememize izin vermezseniz veya gerekli ama\u00e7lar i\u00e7in bunlar\u0131 i\u015flemek i\u00e7in verdi\u011finiz izni geri \u00e7ekmezseniz, bilgilerinizin istendi\u011fi hizmetlere eri\u015femeyebilece\u011finizi veya bunlar\u0131 kullanamayaca\u011f\u0131n\u0131z\u0131 unutmay\u0131n.<\/p><p><strong>\u00c7erezler vb.<\/strong><br \/>Bunlar\u0131 nas\u0131l kulland\u0131\u011f\u0131m\u0131z ve bu izleme teknolojileriyle ilgili se\u00e7imleriniz hakk\u0131nda daha fazla bilgi edinmek i\u00e7in l\u00fctfen <a href=\"\/tr\/cerez-politikasi\/\"><strong>\u00c7erez Politikam\u0131za<\/strong><\/a> bak\u0131n.<\/p><p><strong>G\u00fcvenlik:<\/strong><br \/>Bilgilerinizin g\u00fcvenli\u011fi bizim i\u00e7in \u00f6nemlidir ve kontrol\u00fcm\u00fcz alt\u0131ndaki bilgilerinizin kaybolmas\u0131n\u0131, k\u00f6t\u00fcye kullan\u0131lmas\u0131n\u0131 veya yetkisiz de\u011fi\u015ftirilmesini \u00f6nlemek i\u00e7in makul g\u00fcvenlik \u00f6nlemleri alaca\u011f\u0131z. Ancak, yap\u0131sal riskler g\u00f6z \u00f6n\u00fcne al\u0131nd\u0131\u011f\u0131nda, mutlak g\u00fcvenli\u011fi garanti edemeyiz ve sonu\u00e7 olarak, bize iletti\u011finiz herhangi bir bilginin g\u00fcvenli\u011fini garanti edemeyiz ve bunu riski size ait olmak \u00fczere yapars\u0131n\u0131z.<\/p><p><strong>\u015eikayet \/ Veri Koruma G\u00f6revlisi:<\/strong><br \/>Bizde bulunan bilgilerinizin i\u015flenmesiyle ilgili herhangi bir sorunuz veya endi\u015feniz varsa, Erbend Makina, Kayapa OSB, Mavi Cd, No:39, 16280, Nil\u00fcfer \/ Bursa \/ T\u00fcrkiye adresindeki \u015eikayet G\u00f6revlimize e-posta g\u00f6nderebilirsiniz, e-posta: info @erbend.com. Endi\u015felerinizi ge\u00e7erli yasalara uygun olarak ele alaca\u011f\u0131z.<\/p>\t\t\t\t\t\t\t\t<\/div>\n\t\t\t\t<\/div>\n\t\t\t\t\t<\/div>\n\t\t<\/div>\n\t\t\t\t\t<\/div>\n\t\t<\/section>\n\t\t\t\t<\/div>\n\t\t","protected":false},"excerpt":{"rendered":"<p>Son g\u00fcncelleme 01-Kas\u0131m-2022Y\u00fcr\u00fcrl\u00fck Tarihi 01-Kas\u0131m-2022 Bu Gizlilik Politikas\u0131, Erbend Makina, Kayapa OSB, Mavi Cd, No:39, Nil\u00fcfer, Bursa 16280, T\u00fcrkiye, e-posta: info@erbend.com, telefon: 02244417350, taraf\u0131m\u0131za iletti\u011fimiz bilgilerinizin toplanmas\u0131, kullan\u0131lmas\u0131 ve if\u015fa edilmesine ili\u015fkin politikalar\u0131n\u0131 a\u00e7\u0131klamaktad\u0131r. web sitemizi kulland\u0131\u011f\u0131n\u0131zda toplay\u0131n ( https:\/\/www.erbend.com\/ ). (hizmet&#8221;). Hizmete eri\u015ferek veya Hizmet&#8217;i kullanarak, bilgilerinizin bu Gizlilik Politikas\u0131na uygun olarak toplanmas\u0131na, kullan\u0131lmas\u0131na [&hellip;]<\/p>\n","protected":false},"author":2,"featured_media":0,"parent":0,"menu_order":0,"comment_status":"closed","ping_status":"closed","template":"","meta":{"footnotes":""},"class_list":["post-4795","page","type-page","status-publish","hentry"],"_links":{"self":[{"href":"https:\/\/www.erbend.com\/tr\/wp-json\/wp\/v2\/pages\/4795","targetHints":{"allow":["GET"]}}],"collection":[{"href":"https:\/\/www.erbend.com\/tr\/wp-json\/wp\/v2\/pages"}],"about":[{"href":"https:\/\/www.erbend.com\/tr\/wp-json\/wp\/v2\/types\/page"}],"author":[{"embeddable":true,"href":"https:\/\/www.erbend.com\/tr\/wp-json\/wp\/v2\/users\/2"}],"replies":[{"embeddable":true,"href":"https:\/\/www.erbend.com\/tr\/wp-json\/wp\/v2\/comments?post=4795"}],"version-history":[{"count":7,"href":"https:\/\/www.erbend.com\/tr\/wp-json\/wp\/v2\/pages\/4795\/revisions"}],"predecessor-version":[{"id":4825,"href":"https:\/\/www.erbend.com\/tr\/wp-json\/wp\/v2\/pages\/4795\/revisions\/4825"}],"wp:attachment":[{"href":"https:\/\/www.erbend.com\/tr\/wp-json\/wp\/v2\/media?parent=4795"}],"curies":[{"name":"wp","href":"https:\/\/api.w.org\/{rel}","templated":true}]}}